{"id":1600,"date":"2021-08-24T16:24:09","date_gmt":"2021-08-24T13:24:09","guid":{"rendered":"http:\/\/hizmethezimet.com\/?page_id=1600"},"modified":"2022-06-23T14:26:00","modified_gmt":"2022-06-23T11:26:00","slug":"hakkimizda","status":"publish","type":"page","link":"http:\/\/hizmethezimet.com\/de\/hakkimizda\/","title":{"rendered":"\u00dcber Uns"},"content":{"rendered":"\n<p>Wir glauben daran, dass alle Werte, die die Menschheit im Laufe der Geschichte gesammelt hat, wie die Wissenschaft, Aufkl\u00e4rung und Kunst der einzige Ausweg f\u00fcr Mensch und Gesellschaft ist und der Mensch mit seinem K\u00f6rper, seiner Seele, seinem Verstand, seinem Herzen und seinem Gewissen das sch\u00fctzenwerteste Wessen ist. Wir sind und bleiben fern von allen formellen, informellen, institutionellen und strukturellen Verbindungen und hierarchischen Beziehungen. Wir sehen es als eine historische Verantwortung das unsichtbare in der Vitrine und das unbekannte Gesicht der \u201eHizmet\u201c (Dienen) zu zeigen, die das Leben unserer Menschen, deren Familienleben, die Jugend, die Kindheit, ihre Ersparnisse, ihren Glauben und ihre reinsten Gef\u00fchle, somit ein ganzes gro\u00dfes Leben scheitern l\u00e4sst. Wir sind Menschen; die die Verzweiflung von Menschen, die ihre Jahre auf Justizkorridoren, Gerichtss\u00e4len und Gef\u00e4ngnissen verbracht und die Hilflosigkeit zersplitterter Familien miterlebt haben und die die Antworten auf die Fragen, -die eine gro\u00dfe Masse, deren Geist mit Begriffen, wie Reiter des Lichts\/Aufopferung\/Erbe der Erde verf\u00fchrt wurde-, w\u00e4hrend ihres Lebens gefunden und in Erfahrung gebracht haben. Unser Ziel ist es, unabh\u00e4ngig von t\u00e4glichen politischen Entwicklungen und popul\u00e4rer Agenda, unseren Menschen, die Uhrkunden der nahen Geschichte, aus denen man eine Lehre ziehet, zu pr\u00e4sentieren. Wir betrachten alle, die uns auf diesem Weg unterst\u00fctzen, als unsere \u201eTeilhaber\u201c.<\/p>\n\n\n\n<p>Wir betrachten es als unsere grundlegende humanit\u00e4re Pflicht gegen den Schleim und den unheilbaren Geist dieses Schleims, dessen Beispiele in Laufe der Zeit als ein soziologischer Fall in sich selbst erstellt wurde, anzuk\u00e4mpfen. Wir sch\u00f6pfen unsere Kraft und Motivation auf diesem schweren Weg, auf den wir uns gemacht haben, von unseren eigenen Menschen, basierend auf dem Gebot; spricht die Wahrheit auch wenn sie schmerzhaft ist. Wir beginnen mit dem Bewusstsein, dass die einzige Rettung von jeder Art von Fanatismus darin besteht, die absolute Wahrheit zu erreichen &#8230;<\/p>\n","protected":false},"excerpt":{"rendered":"<p>Wir glauben daran, dass alle Werte, die die Menschheit im Laufe der Geschichte gesammelt hat, wie die Wissenschaft, Aufkl\u00e4rung und Kunst der einzige Ausweg f\u00fcr&#8230;<\/p>\n<div class=\"more-link-wrapper\"><a class=\"more-link\" href=\"http:\/\/hizmethezimet.com\/de\/hakkimizda\/\">Continue reading<span class=\"screen-reader-text\">\u00dcber Uns<\/span><\/a><\/div>\n","protected":false},"author":1,"featured_media":0,"parent":0,"menu_order":0,"comment_status":"open","ping_status":"closed","template":"","meta":{"twitterCardType":"","cardImageID":0,"cardImage":"","cardTitle":"","cardDesc":"","cardImageAlt":"","cardPlayer":"","cardPlayerWidth":0,"cardPlayerHeight":0,"cardPlayerStream":"","cardPlayerCodec":"","footnotes":""},"yoast_head":"<!-- This site is optimized with the Yoast SEO plugin v27.3 - https:\/\/yoast.com\/product\/yoast-seo-wordpress\/ -->\n<title>\u00dcber Uns - Hizmet Hezimet Deutch<\/title>\n<meta name=\"robots\" content=\"index, follow, max-snippet:-1, max-image-preview:large, max-video-preview:-1\" \/>\n<link rel=\"canonical\" href=\"https:\/\/hizmethezimet.com\/de\/hakkimizda\/\" \/>\n<meta property=\"og:locale\" content=\"en_US\" \/>\n<meta property=\"og:type\" content=\"article\" \/>\n<meta property=\"og:title\" content=\"\u00dcber Uns - Hizmet Hezimet Deutch\" \/>\n<meta property=\"og:description\" content=\"Wir glauben daran, dass alle Werte, die die Menschheit im Laufe der Geschichte gesammelt hat, wie die Wissenschaft, Aufkl\u00e4rung und Kunst der einzige Ausweg f\u00fcr&#8230;\" \/>\n<meta property=\"og:url\" content=\"https:\/\/hizmethezimet.com\/de\/hakkimizda\/\" \/>\n<meta property=\"og:site_name\" content=\"Hizmet Hezimet Deutch\" \/>\n<meta property=\"article:modified_time\" content=\"2022-06-23T11:26:00+00:00\" \/>\n<meta name=\"twitter:card\" content=\"summary_large_image\" \/>\n<meta name=\"twitter:label1\" content=\"Est. reading time\" \/>\n\t<meta name=\"twitter:data1\" content=\"2 minutes\" \/>\n<script type=\"application\/ld+json\" class=\"yoast-schema-graph\">{\"@context\":\"https:\\\/\\\/schema.org\",\"@graph\":[{\"@type\":\"WebPage\",\"@id\":\"https:\\\/\\\/hizmethezimet.com\\\/de\\\/hakkimizda\\\/\",\"url\":\"https:\\\/\\\/hizmethezimet.com\\\/de\\\/hakkimizda\\\/\",\"name\":\"\u00dcber Uns - Hizmet Hezimet Deutch\",\"isPartOf\":{\"@id\":\"http:\\\/\\\/hizmethezimet.com\\\/de\\\/#website\"},\"datePublished\":\"2021-08-24T13:24:09+00:00\",\"dateModified\":\"2022-06-23T11:26:00+00:00\",\"breadcrumb\":{\"@id\":\"https:\\\/\\\/hizmethezimet.com\\\/de\\\/hakkimizda\\\/#breadcrumb\"},\"inLanguage\":\"en-US\",\"potentialAction\":[{\"@type\":\"ReadAction\",\"target\":[\"https:\\\/\\\/hizmethezimet.com\\\/de\\\/hakkimizda\\\/\"]}]},{\"@type\":\"BreadcrumbList\",\"@id\":\"https:\\\/\\\/hizmethezimet.com\\\/de\\\/hakkimizda\\\/#breadcrumb\",\"itemListElement\":[{\"@type\":\"ListItem\",\"position\":1,\"name\":\"Anasayfa\",\"item\":\"http:\\\/\\\/hizmethezimet.com\\\/de\\\/\"},{\"@type\":\"ListItem\",\"position\":2,\"name\":\"\u00dcber Uns\"}]},{\"@type\":\"WebSite\",\"@id\":\"http:\\\/\\\/hizmethezimet.com\\\/de\\\/#website\",\"url\":\"http:\\\/\\\/hizmethezimet.com\\\/de\\\/\",\"name\":\"Hizmet Hezimet Deutch\",\"description\":\"Bir ba\u015fka Hizmet Hezimet sitesi\",\"potentialAction\":[{\"@type\":\"SearchAction\",\"target\":{\"@type\":\"EntryPoint\",\"urlTemplate\":\"http:\\\/\\\/hizmethezimet.com\\\/de\\\/?s={search_term_string}\"},\"query-input\":{\"@type\":\"PropertyValueSpecification\",\"valueRequired\":true,\"valueName\":\"search_term_string\"}}],\"inLanguage\":\"en-US\"}]}<\/script>\n<!-- \/ Yoast SEO plugin. -->","yoast_head_json":{"title":"\u00dcber Uns - Hizmet Hezimet Deutch","robots":{"index":"index","follow":"follow","max-snippet":"max-snippet:-1","max-image-preview":"max-image-preview:large","max-video-preview":"max-video-preview:-1"},"canonical":"https:\/\/hizmethezimet.com\/de\/hakkimizda\/","og_locale":"en_US","og_type":"article","og_title":"\u00dcber Uns - Hizmet Hezimet Deutch","og_description":"Wir glauben daran, dass alle Werte, die die Menschheit im Laufe der Geschichte gesammelt hat, wie die Wissenschaft, Aufkl\u00e4rung und Kunst der einzige Ausweg f\u00fcr&#8230;","og_url":"https:\/\/hizmethezimet.com\/de\/hakkimizda\/","og_site_name":"Hizmet Hezimet Deutch","article_modified_time":"2022-06-23T11:26:00+00:00","twitter_card":"summary_large_image","twitter_misc":{"Est. reading time":"2 minutes"},"schema":{"@context":"https:\/\/schema.org","@graph":[{"@type":"WebPage","@id":"https:\/\/hizmethezimet.com\/de\/hakkimizda\/","url":"https:\/\/hizmethezimet.com\/de\/hakkimizda\/","name":"\u00dcber Uns - Hizmet Hezimet Deutch","isPartOf":{"@id":"http:\/\/hizmethezimet.com\/de\/#website"},"datePublished":"2021-08-24T13:24:09+00:00","dateModified":"2022-06-23T11:26:00+00:00","breadcrumb":{"@id":"https:\/\/hizmethezimet.com\/de\/hakkimizda\/#breadcrumb"},"inLanguage":"en-US","potentialAction":[{"@type":"ReadAction","target":["https:\/\/hizmethezimet.com\/de\/hakkimizda\/"]}]},{"@type":"BreadcrumbList","@id":"https:\/\/hizmethezimet.com\/de\/hakkimizda\/#breadcrumb","itemListElement":[{"@type":"ListItem","position":1,"name":"Anasayfa","item":"http:\/\/hizmethezimet.com\/de\/"},{"@type":"ListItem","position":2,"name":"\u00dcber Uns"}]},{"@type":"WebSite","@id":"http:\/\/hizmethezimet.com\/de\/#website","url":"http:\/\/hizmethezimet.com\/de\/","name":"Hizmet Hezimet Deutch","description":"Bir ba\u015fka Hizmet Hezimet sitesi","potentialAction":[{"@type":"SearchAction","target":{"@type":"EntryPoint","urlTemplate":"http:\/\/hizmethezimet.com\/de\/?s={search_term_string}"},"query-input":{"@type":"PropertyValueSpecification","valueRequired":true,"valueName":"search_term_string"}}],"inLanguage":"en-US"}]}},"_links":{"self":[{"href":"http:\/\/hizmethezimet.com\/de\/wp-json\/wp\/v2\/pages\/1600"}],"collection":[{"href":"http:\/\/hizmethezimet.com\/de\/wp-json\/wp\/v2\/pages"}],"about":[{"href":"http:\/\/hizmethezimet.com\/de\/wp-json\/wp\/v2\/types\/page"}],"author":[{"embeddable":true,"href":"http:\/\/hizmethezimet.com\/de\/wp-json\/wp\/v2\/users\/1"}],"replies":[{"embeddable":true,"href":"http:\/\/hizmethezimet.com\/de\/wp-json\/wp\/v2\/comments?post=1600"}],"version-history":[{"count":1,"href":"http:\/\/hizmethezimet.com\/de\/wp-json\/wp\/v2\/pages\/1600\/revisions"}],"predecessor-version":[{"id":2475,"href":"http:\/\/hizmethezimet.com\/de\/wp-json\/wp\/v2\/pages\/1600\/revisions\/2475"}],"wp:attachment":[{"href":"http:\/\/hizmethezimet.com\/de\/wp-json\/wp\/v2\/media?parent=1600"}],"curies":[{"name":"wp","href":"https:\/\/api.w.org\/{rel}","templated":true}]}}